{"id":390,"date":"2019-01-03T09:43:06","date_gmt":"2019-01-03T09:43:06","guid":{"rendered":"https:\/\/www.fedrig.si\/activities\/"},"modified":"2024-02-11T13:16:30","modified_gmt":"2024-02-11T13:16:30","slug":"aktivnosti","status":"publish","type":"page","link":"https:\/\/www.fedrig.si\/de\/aktivnosti\/","title":{"rendered":"Aktivnosti"},"content":{"rendered":"<p>[et_pb_section fb_built=&#8221;1&#8243; _builder_version=&#8221;4.24.0&#8243; _module_preset=&#8221;default&#8221; global_colors_info=&#8221;{}&#8221;][et_pb_row _builder_version=&#8221;4.24.0&#8243; _module_preset=&#8221;default&#8221; global_colors_info=&#8221;{}&#8221;][et_pb_column type=&#8221;4_4&#8243; _builder_version=&#8221;4.24.0&#8243; _module_preset=&#8221;default&#8221; global_colors_info=&#8221;{}&#8221;][et_pb_text _builder_version=&#8221;4.24.0&#8243; _module_preset=&#8221;default&#8221; hover_enabled=&#8221;0&#8243; global_colors_info=&#8221;{}&#8221; sticky_enabled=&#8221;0&#8243;]<\/p>\n<h2>Aktivnosti v Kobaridu in okolici<\/h2>\n<div class=\"flex flex-grow flex-col max-w-full\">\n<div class=\"min-h-[20px] text-message flex flex-col items-start gap-3 whitespace-pre-wrap break-words [.text-message+&amp;]:mt-5 overflow-x-auto\" data-message-author-role=\"assistant\" data-message-id=\"53860e34-1b10-4943-9843-849ee5cad896\">\n<div class=\"markdown prose w-full break-words dark:prose-invert dark\">\n<p>Dobrodo\u0161li v Kobaridu in njegovi osupljivi okolici, kjer se nahaja obilje aktivnosti za vse ljubitelje narave, zgodovine in avanture. Kobarid, obkro\u017een z neokrnjeno naravo Julijskih Alp in obdajajo\u010do reko So\u010do, ponuja \u0161tevilne mo\u017enosti za raziskovanje in u\u017eivanje v aktivnem oddihu.<\/p>\n<p>Za ljubitelje pohodni\u0161tva in kolesarjenja je na voljo mre\u017ea poti, ki vodi skozi slikovite doline, pre\u010dudovite gozdove in \u010dez kristalno \u010diste reke. \u0160tevilne ozna\u010dene poti omogo\u010dajo raziskovanje naravnih lepot in pridobivanje nepozabnih do\u017eivetij v osr\u010dju gora. Poleg tega je reka So\u010da priljubljena destinacija za ljubitelje vodnih \u0161portov, kot so rafting, kajaka\u0161tvo in kanjoning.<\/p>\n<p>Za tiste, ki jih zanima zgodovina, je Kobarid prava pa\u0161a za o\u010di. Mesto je bilo klju\u010dno prizori\u0161\u010de dogodkov med prvo svetovno vojno, kar je mogo\u010de raziskati v Kobari\u0161kem muzeju, ki nudi celovit vpogled v zgodovino so\u0161ke fronte. Poleg tega lahko obi\u0161\u010dete \u0161tevilne spominske parke, spomenike in ostale zgodovinske znamenitosti, ki pri\u010dajo o turbulentnem obdobju.<\/p>\n<p>Za ve\u010d informacij o aktivnostih, dogodkih in turisti\u010dnih znamenitostih v Kobaridu in okolici, obi\u0161\u010dite uradno spletno stran Turisti\u010dnega informacijskega centra Kobarid: <a target=\"_new\" rel=\"noopener\">TIC Kobarid<\/a>. Tu boste na\u0161li vse potrebne informacije za na\u010drtovanje nepozabnega obiska in izkoristek va\u0161ega \u010dasa v tej \u010darobni destinaciji.<\/p>\n<\/div>\n<\/div>\n<\/div>\n<p>[\/et_pb_text][et_pb_text _builder_version=&#8221;4.24.0&#8243; _module_preset=&#8221;default&#8221; hover_enabled=&#8221;0&#8243; global_colors_info=&#8221;{}&#8221; sticky_enabled=&#8221;0&#8243;]<\/p>\n\n\t\t<style type=\"text\/css\">\n\t\t\t#gallery-1 {\n\t\t\t\tmargin: auto;\n\t\t\t}\n\t\t\t#gallery-1 .gallery-item {\n\t\t\t\tfloat: left;\n\t\t\t\tmargin-top: 10px;\n\t\t\t\ttext-align: center;\n\t\t\t\twidth: 25%;\n\t\t\t}\n\t\t\t#gallery-1 img {\n\t\t\t\tborder: 2px solid #cfcfcf;\n\t\t\t}\n\t\t\t#gallery-1 .gallery-caption {\n\t\t\t\tmargin-left: 0;\n\t\t\t}\n\t\t\t\/* see gallery_shortcode() in wp-includes\/media.php *\/\n\t\t<\/style>\n\t\t<div id='gallery-1' class='gallery galleryid-390 gallery-columns-4 gallery-size-medium'><dl class='gallery-item'>\n\t\t\t<dt class='gallery-icon landscape'>\n\t\t\t\t<a href='https:\/\/www.fedrig.si\/wp-content\/uploads\/2024\/02\/soca.jpg'><img loading=\"lazy\" decoding=\"async\" width=\"300\" height=\"200\" src=\"https:\/\/www.fedrig.si\/wp-content\/uploads\/2024\/02\/soca-300x200.jpg\" class=\"attachment-medium size-medium\" alt=\"\" aria-describedby=\"gallery-1-1427\" srcset=\"https:\/\/www.fedrig.si\/wp-content\/uploads\/2024\/02\/soca-300x200.jpg 300w, https:\/\/www.fedrig.si\/wp-content\/uploads\/2024\/02\/soca-1024x683.jpg 1024w, https:\/\/www.fedrig.si\/wp-content\/uploads\/2024\/02\/soca-768x512.jpg 768w, https:\/\/www.fedrig.si\/wp-content\/uploads\/2024\/02\/soca-1536x1025.jpg 1536w, https:\/\/www.fedrig.si\/wp-content\/uploads\/2024\/02\/soca-2048x1366.jpg 2048w, https:\/\/www.fedrig.si\/wp-content\/uploads\/2024\/02\/soca-1080x721.jpg 1080w\" sizes=\"(max-width: 300px) 100vw, 300px\" \/><\/a>\n\t\t\t<\/dt>\n\t\t\t\t<dd class='wp-caption-text gallery-caption' id='gallery-1-1427'>\n\t\t\t\tTurquoise water in Soca river, Slovenia.\n\t\t\t\t<\/dd><\/dl><dl class='gallery-item'>\n\t\t\t<dt class='gallery-icon landscape'>\n\t\t\t\t<a href='https:\/\/www.fedrig.si\/wp-content\/uploads\/2024\/02\/kobarid2-scaled.jpg'><img loading=\"lazy\" decoding=\"async\" width=\"300\" height=\"200\" src=\"https:\/\/www.fedrig.si\/wp-content\/uploads\/2024\/02\/kobarid2-300x200.jpg\" class=\"attachment-medium size-medium\" alt=\"\" aria-describedby=\"gallery-1-1422\" srcset=\"https:\/\/www.fedrig.si\/wp-content\/uploads\/2024\/02\/kobarid2-300x200.jpg 300w, https:\/\/www.fedrig.si\/wp-content\/uploads\/2024\/02\/kobarid2-1024x682.jpg 1024w, https:\/\/www.fedrig.si\/wp-content\/uploads\/2024\/02\/kobarid2-768x512.jpg 768w, https:\/\/www.fedrig.si\/wp-content\/uploads\/2024\/02\/kobarid2-1536x1023.jpg 1536w, https:\/\/www.fedrig.si\/wp-content\/uploads\/2024\/02\/kobarid2-2048x1364.jpg 2048w, https:\/\/www.fedrig.si\/wp-content\/uploads\/2024\/02\/kobarid2-1080x719.jpg 1080w\" sizes=\"(max-width: 300px) 100vw, 300px\" \/><\/a>\n\t\t\t<\/dt>\n\t\t\t\t<dd class='wp-caption-text gallery-caption' id='gallery-1-1422'>\n\t\t\t\tAerial view over Soca river in Soca Valley, Slovenia.\n\t\t\t\t<\/dd><\/dl><dl class='gallery-item'>\n\t\t\t<dt class='gallery-icon landscape'>\n\t\t\t\t<a href='https:\/\/www.fedrig.si\/wp-content\/uploads\/2024\/02\/kobarid1-scaled.jpg'><img loading=\"lazy\" decoding=\"async\" width=\"300\" height=\"200\" src=\"https:\/\/www.fedrig.si\/wp-content\/uploads\/2024\/02\/kobarid1-300x200.jpg\" class=\"attachment-medium size-medium\" alt=\"\" aria-describedby=\"gallery-1-1417\" srcset=\"https:\/\/www.fedrig.si\/wp-content\/uploads\/2024\/02\/kobarid1-300x200.jpg 300w, https:\/\/www.fedrig.si\/wp-content\/uploads\/2024\/02\/kobarid1-1024x683.jpg 1024w, https:\/\/www.fedrig.si\/wp-content\/uploads\/2024\/02\/kobarid1-768x512.jpg 768w, https:\/\/www.fedrig.si\/wp-content\/uploads\/2024\/02\/kobarid1-1536x1024.jpg 1536w, https:\/\/www.fedrig.si\/wp-content\/uploads\/2024\/02\/kobarid1-2048x1365.jpg 2048w, https:\/\/www.fedrig.si\/wp-content\/uploads\/2024\/02\/kobarid1-1080x720.jpg 1080w\" sizes=\"(max-width: 300px) 100vw, 300px\" \/><\/a>\n\t\t\t<\/dt>\n\t\t\t\t<dd class='wp-caption-text gallery-caption' id='gallery-1-1417'>\n\t\t\t\tSunset view from border road of Slovenia and Italy to mountain range Krn in Triglav National Park in Julian Alps\n\t\t\t\t<\/dd><\/dl><dl class='gallery-item'>\n\t\t\t<dt class='gallery-icon landscape'>\n\t\t\t\t<a href='https:\/\/www.fedrig.si\/wp-content\/uploads\/2024\/02\/krn-scaled.jpg'><img loading=\"lazy\" decoding=\"async\" width=\"300\" height=\"200\" src=\"https:\/\/www.fedrig.si\/wp-content\/uploads\/2024\/02\/krn-300x200.jpg\" class=\"attachment-medium size-medium\" alt=\"\" aria-describedby=\"gallery-1-1412\" srcset=\"https:\/\/www.fedrig.si\/wp-content\/uploads\/2024\/02\/krn-300x200.jpg 300w, https:\/\/www.fedrig.si\/wp-content\/uploads\/2024\/02\/krn-1024x683.jpg 1024w, https:\/\/www.fedrig.si\/wp-content\/uploads\/2024\/02\/krn-768x512.jpg 768w, https:\/\/www.fedrig.si\/wp-content\/uploads\/2024\/02\/krn-1536x1024.jpg 1536w, https:\/\/www.fedrig.si\/wp-content\/uploads\/2024\/02\/krn-2048x1365.jpg 2048w, https:\/\/www.fedrig.si\/wp-content\/uploads\/2024\/02\/krn-1080x720.jpg 1080w\" sizes=\"(max-width: 300px) 100vw, 300px\" \/><\/a>\n\t\t\t<\/dt>\n\t\t\t\t<dd class='wp-caption-text gallery-caption' id='gallery-1-1412'>\n\t\t\t\tLake of Krn (Krnsko Jezero) Landscape in a Summer Morning &#8211; Triglav national park, Jjulian Alps Slovenia\n\t\t\t\t<\/dd><\/dl><br style=\"clear: both\" \/>\n\t\t<\/div>\n\n<p>[\/et_pb_text][\/et_pb_column][\/et_pb_row][\/et_pb_section]<\/p>\n","protected":false},"excerpt":{"rendered":"<p>Aktivnosti v Kobaridu in okolici Dobrodo\u0161li v Kobaridu in njegovi osupljivi okolici, kjer se nahaja obilje aktivnosti za vse ljubitelje narave, zgodovine in avanture. Kobarid, obkro\u017een z neokrnjeno naravo Julijskih Alp in obdajajo\u010do reko So\u010do, ponuja \u0161tevilne mo\u017enosti za raziskovanje in u\u017eivanje v aktivnem oddihu. Za ljubitelje pohodni\u0161tva in kolesarjenja je na voljo mre\u017ea poti, [&hellip;]<\/p>\n","protected":false},"author":1,"featured_media":0,"parent":0,"menu_order":0,"comment_status":"closed","ping_status":"closed","template":"","meta":{"_et_pb_use_builder":"on","_et_pb_old_content":"","_et_gb_content_width":"","footnotes":""},"yoast_head":"<!-- This site is optimized with the Yoast SEO plugin v22.0 - https:\/\/yoast.com\/wordpress\/plugins\/seo\/ -->\n<title>Aktivnosti - Nastanitve Fedrig, Kobarid<\/title>\n<meta name=\"robots\" content=\"index, follow, max-snippet:-1, max-image-preview:large, max-video-preview:-1\" \/>\n<link rel=\"canonical\" href=\"https:\/\/www.fedrig.si\/de\/aktivnosti\/\" \/>\n<meta property=\"og:locale\" content=\"de_DE\" \/>\n<meta property=\"og:type\" content=\"article\" \/>\n<meta property=\"og:title\" content=\"Aktivnosti - Nastanitve Fedrig, Kobarid\" \/>\n<meta property=\"og:description\" content=\"Aktivnosti v Kobaridu in okolici Dobrodo\u0161li v Kobaridu in njegovi osupljivi okolici, kjer se nahaja obilje aktivnosti za vse ljubitelje narave, zgodovine in avanture. Kobarid, obkro\u017een z neokrnjeno naravo Julijskih Alp in obdajajo\u010do reko So\u010do, ponuja \u0161tevilne mo\u017enosti za raziskovanje in u\u017eivanje v aktivnem oddihu. Za ljubitelje pohodni\u0161tva in kolesarjenja je na voljo mre\u017ea poti, [&hellip;]\" \/>\n<meta property=\"og:url\" content=\"https:\/\/www.fedrig.si\/de\/aktivnosti\/\" \/>\n<meta property=\"og:site_name\" content=\"Nastanitve Fedrig, Kobarid\" \/>\n<meta property=\"article:modified_time\" content=\"2024-02-11T13:16:30+00:00\" \/>\n<meta name=\"twitter:card\" content=\"summary_large_image\" \/>\n<meta name=\"twitter:label1\" content=\"Gesch\u00e4tzte Lesezeit\" \/>\n\t<meta name=\"twitter:data1\" content=\"2\u00a0Minuten\" \/>\n<script type=\"application\/ld+json\" class=\"yoast-schema-graph\">{\"@context\":\"https:\/\/schema.org\",\"@graph\":[{\"@type\":\"WebPage\",\"@id\":\"https:\/\/www.fedrig.si\/de\/aktivnosti\/\",\"url\":\"https:\/\/www.fedrig.si\/de\/aktivnosti\/\",\"name\":\"Aktivnosti - Nastanitve Fedrig, Kobarid\",\"isPartOf\":{\"@id\":\"https:\/\/www.fedrig.si\/#website\"},\"datePublished\":\"2019-01-03T09:43:06+00:00\",\"dateModified\":\"2024-02-11T13:16:30+00:00\",\"inLanguage\":\"de\",\"potentialAction\":[{\"@type\":\"ReadAction\",\"target\":[\"https:\/\/www.fedrig.si\/de\/aktivnosti\/\"]}]},{\"@type\":\"WebSite\",\"@id\":\"https:\/\/www.fedrig.si\/#website\",\"url\":\"https:\/\/www.fedrig.si\/\",\"name\":\"Nastanitve Fedrig, Kobarid\",\"description\":\"Welcome!\",\"potentialAction\":[{\"@type\":\"SearchAction\",\"target\":{\"@type\":\"EntryPoint\",\"urlTemplate\":\"https:\/\/www.fedrig.si\/?s={search_term_string}\"},\"query-input\":\"required name=search_term_string\"}],\"inLanguage\":\"de\"}]}<\/script>\n<!-- \/ Yoast SEO plugin. -->","yoast_head_json":{"title":"Aktivnosti - Nastanitve Fedrig, Kobarid","robots":{"index":"index","follow":"follow","max-snippet":"max-snippet:-1","max-image-preview":"max-image-preview:large","max-video-preview":"max-video-preview:-1"},"canonical":"https:\/\/www.fedrig.si\/de\/aktivnosti\/","og_locale":"de_DE","og_type":"article","og_title":"Aktivnosti - Nastanitve Fedrig, Kobarid","og_description":"Aktivnosti v Kobaridu in okolici Dobrodo\u0161li v Kobaridu in njegovi osupljivi okolici, kjer se nahaja obilje aktivnosti za vse ljubitelje narave, zgodovine in avanture. Kobarid, obkro\u017een z neokrnjeno naravo Julijskih Alp in obdajajo\u010do reko So\u010do, ponuja \u0161tevilne mo\u017enosti za raziskovanje in u\u017eivanje v aktivnem oddihu. Za ljubitelje pohodni\u0161tva in kolesarjenja je na voljo mre\u017ea poti, [&hellip;]","og_url":"https:\/\/www.fedrig.si\/de\/aktivnosti\/","og_site_name":"Nastanitve Fedrig, Kobarid","article_modified_time":"2024-02-11T13:16:30+00:00","twitter_card":"summary_large_image","twitter_misc":{"Gesch\u00e4tzte Lesezeit":"2\u00a0Minuten"},"schema":{"@context":"https:\/\/schema.org","@graph":[{"@type":"WebPage","@id":"https:\/\/www.fedrig.si\/de\/aktivnosti\/","url":"https:\/\/www.fedrig.si\/de\/aktivnosti\/","name":"Aktivnosti - Nastanitve Fedrig, Kobarid","isPartOf":{"@id":"https:\/\/www.fedrig.si\/#website"},"datePublished":"2019-01-03T09:43:06+00:00","dateModified":"2024-02-11T13:16:30+00:00","inLanguage":"de","potentialAction":[{"@type":"ReadAction","target":["https:\/\/www.fedrig.si\/de\/aktivnosti\/"]}]},{"@type":"WebSite","@id":"https:\/\/www.fedrig.si\/#website","url":"https:\/\/www.fedrig.si\/","name":"Nastanitve Fedrig, Kobarid","description":"Welcome!","potentialAction":[{"@type":"SearchAction","target":{"@type":"EntryPoint","urlTemplate":"https:\/\/www.fedrig.si\/?s={search_term_string}"},"query-input":"required name=search_term_string"}],"inLanguage":"de"}]}},"_links":{"self":[{"href":"https:\/\/www.fedrig.si\/de\/wp-json\/wp\/v2\/pages\/390"}],"collection":[{"href":"https:\/\/www.fedrig.si\/de\/wp-json\/wp\/v2\/pages"}],"about":[{"href":"https:\/\/www.fedrig.si\/de\/wp-json\/wp\/v2\/types\/page"}],"author":[{"embeddable":true,"href":"https:\/\/www.fedrig.si\/de\/wp-json\/wp\/v2\/users\/1"}],"replies":[{"embeddable":true,"href":"https:\/\/www.fedrig.si\/de\/wp-json\/wp\/v2\/comments?post=390"}],"version-history":[{"count":5,"href":"https:\/\/www.fedrig.si\/de\/wp-json\/wp\/v2\/pages\/390\/revisions"}],"predecessor-version":[{"id":2051,"href":"https:\/\/www.fedrig.si\/de\/wp-json\/wp\/v2\/pages\/390\/revisions\/2051"}],"wp:attachment":[{"href":"https:\/\/www.fedrig.si\/de\/wp-json\/wp\/v2\/media?parent=390"}],"curies":[{"name":"wp","href":"https:\/\/api.w.org\/{rel}","templated":true}]}}